{"id":85,"date":"2021-11-20T18:33:28","date_gmt":"2021-11-20T14:33:28","guid":{"rendered":"https:\/\/www.argoltda.cl\/web\/?page_id=85"},"modified":"2022-01-25T18:13:00","modified_gmt":"2022-01-25T14:13:00","slug":"clientes","status":"publish","type":"page","link":"https:\/\/www.argoltda.cl\/web\/clientes\/","title":{"rendered":"CLIENTES"},"content":{"rendered":"\n<div class=\"wp-block-columns is-layout-flex wp-container-core-columns-is-layout-9d6595d7 wp-block-columns-is-layout-flex\">\n<div class=\"wp-block-column is-layout-flow wp-block-column-is-layout-flow\" style=\"flex-basis:33.33%\">\n<figure class=\"wp-block-image size-full\"><img loading=\"lazy\" decoding=\"async\" width=\"165\" height=\"160\" src=\"https:\/\/www.argoltda.cl\/web\/wp-content\/uploads\/2021\/11\/METROGAS.png\" alt=\"\" class=\"wp-image-150\"\/><\/figure>\n<\/div>\n\n\n\n<div class=\"wp-block-column is-layout-flow wp-block-column-is-layout-flow\" style=\"flex-basis:66.66%\">\n<h1 class=\"wp-block-heading\"><meta charset=\"utf-8\">Metrogas<\/h1>\n\n\n\n<p>Empresa enfocada a solucionar las necesidades energeticas del pa\u00eds por medio del gas natural. <\/p>\n\n\n\n<p><\/p>\n<\/div>\n<\/div>\n\n\n\n<div class=\"wp-block-columns is-layout-flex wp-container-core-columns-is-layout-9d6595d7 wp-block-columns-is-layout-flex\">\n<div class=\"wp-block-column is-layout-flow wp-block-column-is-layout-flow\" style=\"flex-basis:33.33%\">\n<figure class=\"wp-block-image size-full\"><img loading=\"lazy\" decoding=\"async\" width=\"230\" height=\"118\" src=\"https:\/\/www.argoltda.cl\/web\/wp-content\/uploads\/2021\/11\/GASSUR.png\" alt=\"\" class=\"wp-image-151\"\/><\/figure>\n<\/div>\n\n\n\n<div class=\"wp-block-column is-layout-flow wp-block-column-is-layout-flow\" style=\"flex-basis:66.66%\">\n<h1 class=\"wp-block-heading\">GasSur<\/h1>\n\n\n\n<p>Es una empresa regional que atiende los requerimientos del sector residencial y comercial, la \u00fanica distribuidora de gas natural. <\/p>\n\n\n\n<p><\/p>\n<\/div>\n<\/div>\n\n\n\n<div class=\"wp-block-columns is-layout-flex wp-container-core-columns-is-layout-9d6595d7 wp-block-columns-is-layout-flex\">\n<div class=\"wp-block-column is-layout-flow wp-block-column-is-layout-flow\" style=\"flex-basis:33.33%\">\n<figure class=\"wp-block-image size-full\"><img loading=\"lazy\" decoding=\"async\" width=\"542\" height=\"286\" src=\"https:\/\/www.argoltda.cl\/web\/wp-content\/uploads\/2021\/12\/Caserones.jpg\" alt=\"\" class=\"wp-image-254\" srcset=\"https:\/\/www.argoltda.cl\/web\/wp-content\/uploads\/2021\/12\/Caserones.jpg 542w, https:\/\/www.argoltda.cl\/web\/wp-content\/uploads\/2021\/12\/Caserones-300x158.jpg 300w\" sizes=\"auto, (max-width: 542px) 100vw, 542px\" \/><\/figure>\n<\/div>\n\n\n\n<div class=\"wp-block-column is-layout-flow wp-block-column-is-layout-flow\" style=\"flex-basis:66.66%\">\n<h1 class=\"wp-block-heading\">Minera Lumina Copper Divisi\u00f3n Caserones<\/h1>\n\n\n\n<p><\/p>\n<\/div>\n<\/div>\n\n\n\n<div class=\"wp-block-columns is-layout-flex wp-container-core-columns-is-layout-9d6595d7 wp-block-columns-is-layout-flex\">\n<div class=\"wp-block-column is-layout-flow wp-block-column-is-layout-flow\" style=\"flex-basis:33.33%\">\n<figure class=\"wp-block-image size-full\"><img loading=\"lazy\" decoding=\"async\" width=\"468\" height=\"244\" src=\"https:\/\/www.argoltda.cl\/web\/wp-content\/uploads\/2021\/12\/Innergy.jpg\" alt=\"\" class=\"wp-image-246\" srcset=\"https:\/\/www.argoltda.cl\/web\/wp-content\/uploads\/2021\/12\/Innergy.jpg 468w, https:\/\/www.argoltda.cl\/web\/wp-content\/uploads\/2021\/12\/Innergy-300x156.jpg 300w\" sizes=\"auto, (max-width: 468px) 100vw, 468px\" \/><\/figure>\n<\/div>\n\n\n\n<div class=\"wp-block-column is-layout-flow wp-block-column-is-layout-flow\" style=\"flex-basis:66.66%\">\n<h1 class=\"wp-block-heading\">Innergy Soluciones Energeticas <\/h1>\n\n\n\n<p>Empresa comercializadora de Gas a Nivel Industrial<\/p>\n\n\n\n<p><\/p>\n<\/div>\n<\/div>\n\n\n\n<div class=\"wp-block-columns is-layout-flex wp-container-core-columns-is-layout-9d6595d7 wp-block-columns-is-layout-flex\">\n<div class=\"wp-block-column is-layout-flow wp-block-column-is-layout-flow\" style=\"flex-basis:33.33%\">\n<figure class=\"wp-block-image size-full\"><img loading=\"lazy\" decoding=\"async\" width=\"364\" height=\"110\" src=\"https:\/\/www.argoltda.cl\/web\/wp-content\/uploads\/2021\/11\/SALFA.png\" alt=\"\" class=\"wp-image-153\" srcset=\"https:\/\/www.argoltda.cl\/web\/wp-content\/uploads\/2021\/11\/SALFA.png 364w, https:\/\/www.argoltda.cl\/web\/wp-content\/uploads\/2021\/11\/SALFA-300x91.png 300w\" sizes=\"auto, (max-width: 364px) 100vw, 364px\" \/><\/figure>\n<\/div>\n\n\n\n<div class=\"wp-block-column is-layout-flow wp-block-column-is-layout-flow\" style=\"flex-basis:66.66%\">\n<h1 class=\"wp-block-heading\">SALFA Montajes<\/h1>\n\n\n\n<p><\/p>\n<\/div>\n<\/div>\n\n\n\n<div class=\"wp-block-columns is-layout-flex wp-container-core-columns-is-layout-9d6595d7 wp-block-columns-is-layout-flex\">\n<div class=\"wp-block-column is-layout-flow wp-block-column-is-layout-flow\" style=\"flex-basis:33.33%\">\n<figure class=\"wp-block-image size-full\"><img loading=\"lazy\" decoding=\"async\" width=\"292\" height=\"63\" src=\"https:\/\/www.argoltda.cl\/web\/wp-content\/uploads\/2021\/11\/INCOLUR.jpg\" alt=\"\" class=\"wp-image-154\"\/><\/figure>\n\n\n\n<p><\/p>\n<\/div>\n\n\n\n<div class=\"wp-block-column is-layout-flow wp-block-column-is-layout-flow\" style=\"flex-basis:66.66%\">\n<h1 class=\"wp-block-heading\">Ingenieria y Construcciones Incolur S.A <\/h1>\n\n\n\n<p>Es una de las empresas m\u00e1s empresas de contrucci\u00f3n y montaje en Chile. Por m\u00e1s de 2 d\u00e9cadas ha desarrollado desafiantes proyectos en distintos sectores industriales, los cuales han aportado al crecimiento y desarrollo del pa\u00eds.<\/p>\n\n\n\n<p><\/p>\n<\/div>\n<\/div>\n\n\n\n<div class=\"wp-block-columns is-layout-flex wp-container-core-columns-is-layout-9d6595d7 wp-block-columns-is-layout-flex\">\n<div class=\"wp-block-column is-layout-flow wp-block-column-is-layout-flow\" style=\"flex-basis:33.33%\">\n<figure class=\"wp-block-image size-full\"><img loading=\"lazy\" decoding=\"async\" width=\"435\" height=\"116\" src=\"https:\/\/www.argoltda.cl\/web\/wp-content\/uploads\/2021\/12\/Tecnasic.jpg\" alt=\"\" class=\"wp-image-248\" srcset=\"https:\/\/www.argoltda.cl\/web\/wp-content\/uploads\/2021\/12\/Tecnasic.jpg 435w, https:\/\/www.argoltda.cl\/web\/wp-content\/uploads\/2021\/12\/Tecnasic-300x80.jpg 300w\" sizes=\"auto, (max-width: 435px) 100vw, 435px\" \/><\/figure>\n<\/div>\n\n\n\n<div class=\"wp-block-column is-layout-flow wp-block-column-is-layout-flow\" style=\"flex-basis:66.66%\">\n<h1 class=\"wp-block-heading\">Tecnasic S.A. <\/h1>\n\n\n\n<p>TECNASIC S.A., es una empresa de servicios certificada ISO 9001: 2000, ISO 14001: 2004, OHSAS 18001: 1999, con una respuesta integral a las necesidades del cliente moderno, entregando un servicio multidisciplinario  que incluye desde la ingenier\u00eda conceptual.<\/p>\n\n\n\n<p><\/p>\n<\/div>\n<\/div>\n\n\n\n<div class=\"wp-block-columns is-layout-flex wp-container-core-columns-is-layout-9d6595d7 wp-block-columns-is-layout-flex\">\n<div class=\"wp-block-column is-layout-flow wp-block-column-is-layout-flow\" style=\"flex-basis:33.33%\">\n<figure class=\"wp-block-image size-full\"><img loading=\"lazy\" decoding=\"async\" width=\"172\" height=\"172\" src=\"https:\/\/www.argoltda.cl\/web\/wp-content\/uploads\/2021\/12\/Belfi.jpg\" alt=\"\" class=\"wp-image-249\" srcset=\"https:\/\/www.argoltda.cl\/web\/wp-content\/uploads\/2021\/12\/Belfi.jpg 172w, https:\/\/www.argoltda.cl\/web\/wp-content\/uploads\/2021\/12\/Belfi-150x150.jpg 150w, https:\/\/www.argoltda.cl\/web\/wp-content\/uploads\/2021\/12\/Belfi-100x100.jpg 100w\" sizes=\"auto, (max-width: 172px) 100vw, 172px\" \/><\/figure>\n<\/div>\n\n\n\n<div class=\"wp-block-column is-layout-flow wp-block-column-is-layout-flow\" style=\"flex-basis:66.66%\">\n<h1 class=\"wp-block-heading\">Belfi<\/h1>\n\n\n\n<p>Con m\u00e1s de 50 a\u00f1os de amplia experiencia, eficiente equipo humano y la maquinaria apropiada, Empresa Constructora Belfi S.A. dispone de la base que garantiza la ejecuci\u00f3n de cualquier proyecto.<\/p>\n\n\n\n<p><\/p>\n<\/div>\n<\/div>\n\n\n\n<div class=\"wp-block-columns is-layout-flex wp-container-core-columns-is-layout-9d6595d7 wp-block-columns-is-layout-flex\">\n<div class=\"wp-block-column is-layout-flow wp-block-column-is-layout-flow\" style=\"flex-basis:33.33%\">\n<figure class=\"wp-block-image size-full\"><img loading=\"lazy\" decoding=\"async\" width=\"283\" height=\"108\" src=\"https:\/\/www.argoltda.cl\/web\/wp-content\/uploads\/2021\/12\/Constructora-Gardilcic.jpg\" alt=\"\" class=\"wp-image-250\"\/><\/figure>\n<\/div>\n\n\n\n<div class=\"wp-block-column is-layout-flow wp-block-column-is-layout-flow\" style=\"flex-basis:66.66%\">\n<h1 class=\"wp-block-heading\">Constructora Gardilcic Ltda<\/h1>\n\n\n\n<p>Con m\u00e1s de 50 a\u00f1os de amplia experiencia,  eficiente Un equipo humano de alto nivel, una gesti\u00f3n orientada al bienestar de los trabajadores, el medioambiente y la calidad total, as\u00ed como un fuerte compromiso hacia los clientes, constituyen el sello de esta empresa.<\/p>\n\n\n\n<p><\/p>\n<\/div>\n<\/div>\n\n\n\n<div class=\"wp-block-columns is-layout-flex wp-container-core-columns-is-layout-9d6595d7 wp-block-columns-is-layout-flex\">\n<div class=\"wp-block-column is-layout-flow wp-block-column-is-layout-flow\" style=\"flex-basis:33.33%\">\n<figure class=\"wp-block-image size-full\"><img loading=\"lazy\" decoding=\"async\" width=\"265\" height=\"100\" src=\"https:\/\/www.argoltda.cl\/web\/wp-content\/uploads\/2021\/12\/Cavco.jpg\" alt=\"\" class=\"wp-image-251\"\/><\/figure>\n<\/div>\n\n\n\n<div class=\"wp-block-column is-layout-flow wp-block-column-is-layout-flow\" style=\"flex-basis:66.66%\">\n<h1 class=\"wp-block-heading\">Cavco Construcci\u00f3n y Montaje<\/h1>\n\n\n\n<p>CAVCO LTDA. Es una empresa creada el 06 de Abril de 1994 como Ingemac Ltda. para dedicarse a obras de Ingenieria y Alquiler de maquinarias.<\/p>\n\n\n\n<p><\/p>\n<\/div>\n<\/div>\n\n\n\n<div class=\"wp-block-columns is-layout-flex wp-container-core-columns-is-layout-9d6595d7 wp-block-columns-is-layout-flex\">\n<div class=\"wp-block-column is-layout-flow wp-block-column-is-layout-flow\" style=\"flex-basis:33.33%\">\n<figure class=\"wp-block-image size-full\"><img loading=\"lazy\" decoding=\"async\" width=\"229\" height=\"92\" src=\"https:\/\/www.argoltda.cl\/web\/wp-content\/uploads\/2021\/12\/Propuerto.jpg\" alt=\"\" class=\"wp-image-252\"\/><\/figure>\n<\/div>\n\n\n\n<div class=\"wp-block-column is-layout-flow wp-block-column-is-layout-flow\" style=\"flex-basis:66.66%\">\n<h1 class=\"wp-block-heading\">Propuerto<\/h1>\n\n\n\n<p>Constructora Propuerto se especializa en la entrega de soluciones integrales para la construcci\u00f3n de obras mar\u00edtimas, lacustres y fluviales en los mercados de Miner\u00eda, Pesca, Energ\u00eda, Forestal, Combustibles, entre otros.<\/p>\n\n\n\n<p><\/p>\n<\/div>\n<\/div>\n\n\n\n<div class=\"wp-block-columns is-layout-flex wp-container-core-columns-is-layout-9d6595d7 wp-block-columns-is-layout-flex\">\n<div class=\"wp-block-column is-layout-flow wp-block-column-is-layout-flow\" style=\"flex-basis:33.33%\">\n<figure class=\"wp-block-image size-full\"><img loading=\"lazy\" decoding=\"async\" width=\"242\" height=\"208\" src=\"https:\/\/www.argoltda.cl\/web\/wp-content\/uploads\/2021\/12\/South-Pacific.jpg\" alt=\"\" class=\"wp-image-253\"\/><\/figure>\n<\/div>\n\n\n\n<div class=\"wp-block-column is-layout-flow wp-block-column-is-layout-flow\" style=\"flex-basis:66.66%\">\n<h1 class=\"wp-block-heading\">South Pacific Korp S.A<\/h1>\n\n\n\n<p>SouthPacific Korp S.A. (SPK) es una compa\u00f1\u00eda del Grupo de Empresas Copec -uno de los mayores conglomerados empresariales de Am\u00e9rica del Sur &#8211; dedicada a la elaboraci\u00f3n de alimentos para el consumo humano, animal o de aplicaci\u00f3n industrial, cuyas materias primas han sido extra\u00eddas del oc\u00e9ano.<\/p>\n\n\n\n<p><\/p>\n<\/div>\n<\/div>\n\n\n\n<p><\/p>\n","protected":false},"excerpt":{"rendered":"<p>Metrogas Empresa enfocada a solucionar las necesidades energeticas del pa\u00eds por medio del gas natural. GasSur Es una empresa regional que atiende los requerimientos del sector residencial y comercial, la \u00fanica distribuidora de gas natural. Minera Lumina Copper Divisi\u00f3n Caserones Innergy Soluciones Energeticas Empresa comercializadora de Gas a Nivel Industrial SALFA Montajes Ingenieria y Construcciones &hellip; <\/p>\n<p class=\"link-more\"><a href=\"https:\/\/www.argoltda.cl\/web\/clientes\/\" class=\"more-link\">Continue reading<span class=\"screen-reader-text\"> &#8220;CLIENTES&#8221;<\/span><\/a><\/p>\n","protected":false},"author":1,"featured_media":0,"parent":0,"menu_order":0,"comment_status":"closed","ping_status":"closed","template":"","meta":{"footnotes":""},"class_list":["post-85","page","type-page","status-publish","hentry"],"_links":{"self":[{"href":"https:\/\/www.argoltda.cl\/web\/wp-json\/wp\/v2\/pages\/85","targetHints":{"allow":["GET"]}}],"collection":[{"href":"https:\/\/www.argoltda.cl\/web\/wp-json\/wp\/v2\/pages"}],"about":[{"href":"https:\/\/www.argoltda.cl\/web\/wp-json\/wp\/v2\/types\/page"}],"author":[{"embeddable":true,"href":"https:\/\/www.argoltda.cl\/web\/wp-json\/wp\/v2\/users\/1"}],"replies":[{"embeddable":true,"href":"https:\/\/www.argoltda.cl\/web\/wp-json\/wp\/v2\/comments?post=85"}],"version-history":[{"count":8,"href":"https:\/\/www.argoltda.cl\/web\/wp-json\/wp\/v2\/pages\/85\/revisions"}],"predecessor-version":[{"id":384,"href":"https:\/\/www.argoltda.cl\/web\/wp-json\/wp\/v2\/pages\/85\/revisions\/384"}],"wp:attachment":[{"href":"https:\/\/www.argoltda.cl\/web\/wp-json\/wp\/v2\/media?parent=85"}],"curies":[{"name":"wp","href":"https:\/\/api.w.org\/{rel}","templated":true}]}}