{"id":317,"date":"2022-01-20T05:51:26","date_gmt":"2022-01-20T01:51:26","guid":{"rendered":"https:\/\/www.argoltda.cl\/web\/?page_id=317"},"modified":"2022-07-21T02:10:58","modified_gmt":"2022-07-20T22:10:58","slug":"nuestros-servicios","status":"publish","type":"page","link":"https:\/\/www.argoltda.cl\/web\/nuestros-servicios\/","title":{"rendered":"Nuestros Servicios"},"content":{"rendered":"\n<div class=\"wp-block-columns are-vertically-aligned-top has-background is-layout-flex wp-container-core-columns-is-layout-9d6595d7 wp-block-columns-is-layout-flex\" style=\"background-color:#dbe0e5\">\n<div class=\"wp-block-column is-layout-flow wp-block-column-is-layout-flow\">\n<div class=\"wp-block-group\"><div class=\"wp-block-group__inner-container is-layout-flow wp-block-group-is-layout-flow\"><div class=\"wp-block-image is-style-default\">\n<figure class=\"aligncenter size-large\"><img loading=\"lazy\" decoding=\"async\" width=\"1024\" height=\"768\" src=\"https:\/\/www.argoltda.cl\/web\/wp-content\/uploads\/2022\/01\/IMG_5786-1024x768.jpg\" alt=\"\" class=\"wp-image-330\" srcset=\"https:\/\/www.argoltda.cl\/web\/wp-content\/uploads\/2022\/01\/IMG_5786-1024x768.jpg 1024w, https:\/\/www.argoltda.cl\/web\/wp-content\/uploads\/2022\/01\/IMG_5786-300x225.jpg 300w, https:\/\/www.argoltda.cl\/web\/wp-content\/uploads\/2022\/01\/IMG_5786-768x576.jpg 768w, https:\/\/www.argoltda.cl\/web\/wp-content\/uploads\/2022\/01\/IMG_5786-1536x1152.jpg 1536w, https:\/\/www.argoltda.cl\/web\/wp-content\/uploads\/2022\/01\/IMG_5786-2048x1536.jpg 2048w\" sizes=\"auto, (max-width: 767px) 89vw, (max-width: 1000px) 54vw, (max-width: 1071px) 543px, 580px\" \/><\/figure>\n<\/div>\n\n\n<p>Limpieza con Agua a Alta Presi\u00f3n<\/p>\n\n\n\n<p class=\"has-text-align-left\"><a href=\"https:\/\/www.argoltda.cl\/web\/limpieza-con-agua-a-alta-presion\/\">Ver m\u00e1s&#8230; \u2192<\/a><\/p>\n<\/div><\/div>\n<\/div>\n\n\n\n<div class=\"wp-block-column is-layout-flow wp-block-column-is-layout-flow\">\n<div class=\"wp-block-group\"><div class=\"wp-block-group__inner-container is-layout-flow wp-block-group-is-layout-flow\"><div class=\"wp-block-image is-style-default\">\n<figure class=\"aligncenter size-large\"><img loading=\"lazy\" decoding=\"async\" width=\"1024\" height=\"661\" src=\"https:\/\/www.argoltda.cl\/web\/wp-content\/uploads\/2021\/12\/refinery-3613522-1024x661.jpg\" alt=\"\" class=\"wp-image-273\" srcset=\"https:\/\/www.argoltda.cl\/web\/wp-content\/uploads\/2021\/12\/refinery-3613522-1024x661.jpg 1024w, https:\/\/www.argoltda.cl\/web\/wp-content\/uploads\/2021\/12\/refinery-3613522-300x194.jpg 300w, https:\/\/www.argoltda.cl\/web\/wp-content\/uploads\/2021\/12\/refinery-3613522-768x496.jpg 768w, https:\/\/www.argoltda.cl\/web\/wp-content\/uploads\/2021\/12\/refinery-3613522-1536x991.jpg 1536w, https:\/\/www.argoltda.cl\/web\/wp-content\/uploads\/2021\/12\/refinery-3613522-2048x1321.jpg 2048w\" sizes=\"auto, (max-width: 767px) 89vw, (max-width: 1000px) 54vw, (max-width: 1071px) 543px, 580px\" \/><\/figure>\n<\/div>\n\n\n<p>Limpiezas Qu\u00edmicas<br><\/p>\n\n\n\n<p class=\"has-text-align-left\"><a href=\"https:\/\/www.argoltda.cl\/web\/limpiezas-quimicas\/\">Ver M\u00e1s&#8230;\u2192<\/a><\/p>\n<\/div><\/div>\n<\/div>\n\n\n\n<div class=\"wp-block-column is-layout-flow wp-block-column-is-layout-flow\">\n<div class=\"wp-block-group\"><div class=\"wp-block-group__inner-container is-layout-flow wp-block-group-is-layout-flow\"><div class=\"wp-block-image is-style-default\">\n<figure class=\"aligncenter size-large\"><img loading=\"lazy\" decoding=\"async\" width=\"1024\" height=\"768\" src=\"https:\/\/www.argoltda.cl\/web\/wp-content\/uploads\/2022\/01\/Mant-Lainereas-en-Mineras-1024x768.jpg\" alt=\"\" class=\"wp-image-328\" srcset=\"https:\/\/www.argoltda.cl\/web\/wp-content\/uploads\/2022\/01\/Mant-Lainereas-en-Mineras-1024x768.jpg 1024w, https:\/\/www.argoltda.cl\/web\/wp-content\/uploads\/2022\/01\/Mant-Lainereas-en-Mineras-300x225.jpg 300w, https:\/\/www.argoltda.cl\/web\/wp-content\/uploads\/2022\/01\/Mant-Lainereas-en-Mineras-768x576.jpg 768w, https:\/\/www.argoltda.cl\/web\/wp-content\/uploads\/2022\/01\/Mant-Lainereas-en-Mineras.jpg 1280w\" sizes=\"auto, (max-width: 767px) 89vw, (max-width: 1000px) 54vw, (max-width: 1071px) 543px, 580px\" \/><\/figure>\n<\/div>\n\n\n<p>Servicios en Terreno de Lubricaci\u00f3n y Oleo Hidr\u00e1ulica <\/p>\n\n\n\n<p class=\"has-text-align-left\"><a href=\"https:\/\/www.argoltda.cl\/web\/servicios-en-terreno-de-lubricacion-y-oleo-hidraulica\/\">Ver M\u00e1s&#8230; \u2192<\/a><\/p>\n<\/div><\/div>\n<\/div>\n<\/div>\n\n\n\n<div class=\"wp-block-columns are-vertically-aligned-top has-background is-layout-flex wp-container-core-columns-is-layout-9d6595d7 wp-block-columns-is-layout-flex\" style=\"background-color:#d0d3d5\">\n<div class=\"wp-block-column is-layout-flow wp-block-column-is-layout-flow\">\n<div class=\"wp-block-group\"><div class=\"wp-block-group__inner-container is-layout-flow wp-block-group-is-layout-flow\"><div class=\"wp-block-image is-style-default\">\n<figure class=\"aligncenter size-large\"><img loading=\"lazy\" decoding=\"async\" width=\"1024\" height=\"768\" src=\"https:\/\/www.argoltda.cl\/web\/wp-content\/uploads\/2022\/01\/Equipos-Flushing-2-1024x768.jpg\" alt=\"\" class=\"wp-image-331\" srcset=\"https:\/\/www.argoltda.cl\/web\/wp-content\/uploads\/2022\/01\/Equipos-Flushing-2-1024x768.jpg 1024w, https:\/\/www.argoltda.cl\/web\/wp-content\/uploads\/2022\/01\/Equipos-Flushing-2-300x225.jpg 300w, https:\/\/www.argoltda.cl\/web\/wp-content\/uploads\/2022\/01\/Equipos-Flushing-2-768x576.jpg 768w, https:\/\/www.argoltda.cl\/web\/wp-content\/uploads\/2022\/01\/Equipos-Flushing-2.jpg 1040w\" sizes=\"auto, (max-width: 767px) 89vw, (max-width: 1000px) 54vw, (max-width: 1071px) 543px, 580px\" \/><\/figure>\n<\/div>\n\n\n<p>Flushing y Micro Filtrado<\/p>\n\n\n\n<p class=\"has-text-align-left\"><a href=\"https:\/\/www.argoltda.cl\/web\/flushing-y-micro-filtrado\/\">Ver M\u00e1s&#8230;  \u2192<\/a><\/p>\n<\/div><\/div>\n<\/div>\n\n\n\n<div class=\"wp-block-column is-layout-flow wp-block-column-is-layout-flow\">\n<div class=\"wp-block-group\"><div class=\"wp-block-group__inner-container is-layout-flow wp-block-group-is-layout-flow\"><div class=\"wp-block-image is-style-default\">\n<figure class=\"aligncenter size-large\"><img loading=\"lazy\" decoding=\"async\" width=\"1024\" height=\"768\" src=\"https:\/\/www.argoltda.cl\/web\/wp-content\/uploads\/2022\/01\/011-1024x768.jpg\" alt=\"\" class=\"wp-image-332\" srcset=\"https:\/\/www.argoltda.cl\/web\/wp-content\/uploads\/2022\/01\/011-1024x768.jpg 1024w, https:\/\/www.argoltda.cl\/web\/wp-content\/uploads\/2022\/01\/011-300x225.jpg 300w, https:\/\/www.argoltda.cl\/web\/wp-content\/uploads\/2022\/01\/011-768x576.jpg 768w, https:\/\/www.argoltda.cl\/web\/wp-content\/uploads\/2022\/01\/011-1536x1152.jpg 1536w, https:\/\/www.argoltda.cl\/web\/wp-content\/uploads\/2022\/01\/011-2048x1536.jpg 2048w\" sizes=\"auto, (max-width: 767px) 89vw, (max-width: 1000px) 54vw, (max-width: 1071px) 543px, 580px\" \/><\/figure>\n<\/div>\n\n\n<p>Pruebas y Limpieza de Ductos<\/p>\n\n\n\n<p class=\"has-text-align-left\"><a href=\"https:\/\/www.argoltda.cl\/web\/pruebas-y-limpieza-de-ductos\/\">Ver M\u00e1s&#8230;  \u2192<\/a><\/p>\n<\/div><\/div>\n<\/div>\n\n\n\n<div class=\"wp-block-column is-layout-flow wp-block-column-is-layout-flow\">\n<div class=\"wp-block-group\"><div class=\"wp-block-group__inner-container is-layout-flow wp-block-group-is-layout-flow\"><\/div><\/div>\n<\/div>\n<\/div>\n\n\n\n<div style=\"height:100px\" aria-hidden=\"true\" class=\"wp-block-spacer\"><\/div>\n","protected":false},"excerpt":{"rendered":"<p>Limpieza con Agua a Alta Presi\u00f3n Ver m\u00e1s&#8230; \u2192 Limpiezas Qu\u00edmicas Ver M\u00e1s&#8230;\u2192 Servicios en Terreno de Lubricaci\u00f3n y Oleo Hidr\u00e1ulica Ver M\u00e1s&#8230; \u2192 Flushing y Micro Filtrado Ver M\u00e1s&#8230; \u2192 Pruebas y Limpieza de Ductos Ver M\u00e1s&#8230; \u2192<\/p>\n","protected":false},"author":1,"featured_media":0,"parent":0,"menu_order":0,"comment_status":"closed","ping_status":"closed","template":"","meta":{"footnotes":""},"class_list":["post-317","page","type-page","status-publish","hentry"],"_links":{"self":[{"href":"https:\/\/www.argoltda.cl\/web\/wp-json\/wp\/v2\/pages\/317","targetHints":{"allow":["GET"]}}],"collection":[{"href":"https:\/\/www.argoltda.cl\/web\/wp-json\/wp\/v2\/pages"}],"about":[{"href":"https:\/\/www.argoltda.cl\/web\/wp-json\/wp\/v2\/types\/page"}],"author":[{"embeddable":true,"href":"https:\/\/www.argoltda.cl\/web\/wp-json\/wp\/v2\/users\/1"}],"replies":[{"embeddable":true,"href":"https:\/\/www.argoltda.cl\/web\/wp-json\/wp\/v2\/comments?post=317"}],"version-history":[{"count":10,"href":"https:\/\/www.argoltda.cl\/web\/wp-json\/wp\/v2\/pages\/317\/revisions"}],"predecessor-version":[{"id":425,"href":"https:\/\/www.argoltda.cl\/web\/wp-json\/wp\/v2\/pages\/317\/revisions\/425"}],"wp:attachment":[{"href":"https:\/\/www.argoltda.cl\/web\/wp-json\/wp\/v2\/media?parent=317"}],"curies":[{"name":"wp","href":"https:\/\/api.w.org\/{rel}","templated":true}]}}