{"id":2,"date":"2021-10-14T23:56:12","date_gmt":"2021-10-14T19:56:12","guid":{"rendered":"https:\/\/www.argoltda.cl\/web\/?page_id=2"},"modified":"2022-07-20T05:21:23","modified_gmt":"2022-07-20T01:21:23","slug":"sample-page","status":"publish","type":"page","link":"https:\/\/www.argoltda.cl\/web\/","title":{"rendered":"EMPRESA"},"content":{"rendered":"\n<h2 class=\"wp-block-heading\">&#8220;Comprometidos con las necesidades del mundo Industrial&#8221;<\/h2>\n\n\n\n<p>El buen desempe\u00f1o de una empresa permite abrir nuevos mercados, es as\u00ed que Argo Ltda. expande sus servicios llegando a trabajar en el centro y norte del pa\u00eds, para empresas de la gran miner\u00eda del cobre.<\/p>\n\n\n\n<p>La tecnolog\u00eda y el personal calificado para la entrega de un servicio de calidad, sumado la experiencia y garant\u00eda en la entrega de un buen servicio, permite expandir a\u00fan m\u00e1s los mercados de una empresa, y es as\u00ed como Argo Ltda. Prest\u00f3 por m\u00e1s de 10 a\u00f1os servicios con maquinarias en M\u00e9xico.<\/p>\n\n\n\n<p><\/p>\n\n\n\n<p><\/p>\n\n\n\n<p><\/p>\n","protected":false},"excerpt":{"rendered":"<p>&#8220;Comprometidos con las necesidades del mundo Industrial&#8221; El buen desempe\u00f1o de una empresa permite abrir nuevos mercados, es as\u00ed que Argo Ltda. expande sus servicios llegando a trabajar en el centro y norte del pa\u00eds, para empresas de la gran miner\u00eda del cobre. La tecnolog\u00eda y el personal calificado para la entrega de un servicio &hellip; <\/p>\n<p class=\"link-more\"><a href=\"https:\/\/www.argoltda.cl\/web\/\" class=\"more-link\">Continue reading<span class=\"screen-reader-text\"> &#8220;EMPRESA&#8221;<\/span><\/a><\/p>\n","protected":false},"author":1,"featured_media":0,"parent":0,"menu_order":0,"comment_status":"closed","ping_status":"closed","template":"","meta":{"footnotes":""},"class_list":["post-2","page","type-page","status-publish","hentry"],"_links":{"self":[{"href":"https:\/\/www.argoltda.cl\/web\/wp-json\/wp\/v2\/pages\/2","targetHints":{"allow":["GET"]}}],"collection":[{"href":"https:\/\/www.argoltda.cl\/web\/wp-json\/wp\/v2\/pages"}],"about":[{"href":"https:\/\/www.argoltda.cl\/web\/wp-json\/wp\/v2\/types\/page"}],"author":[{"embeddable":true,"href":"https:\/\/www.argoltda.cl\/web\/wp-json\/wp\/v2\/users\/1"}],"replies":[{"embeddable":true,"href":"https:\/\/www.argoltda.cl\/web\/wp-json\/wp\/v2\/comments?post=2"}],"version-history":[{"count":10,"href":"https:\/\/www.argoltda.cl\/web\/wp-json\/wp\/v2\/pages\/2\/revisions"}],"predecessor-version":[{"id":422,"href":"https:\/\/www.argoltda.cl\/web\/wp-json\/wp\/v2\/pages\/2\/revisions\/422"}],"wp:attachment":[{"href":"https:\/\/www.argoltda.cl\/web\/wp-json\/wp\/v2\/media?parent=2"}],"curies":[{"name":"wp","href":"https:\/\/api.w.org\/{rel}","templated":true}]}}