{"id":136,"date":"2021-11-21T03:09:36","date_gmt":"2021-11-20T23:09:36","guid":{"rendered":"https:\/\/www.argoltda.cl\/web\/?page_id=136"},"modified":"2021-11-21T03:09:36","modified_gmt":"2021-11-20T23:09:36","slug":"vision","status":"publish","type":"page","link":"https:\/\/www.argoltda.cl\/web\/vision\/","title":{"rendered":"Visi\u00f3n"},"content":{"rendered":"\n<p>Consolidar el servicio a la industria nacional, llegando as\u00ed a tener el reconocimiento y liderazgo de una empresa seria y de bases s\u00f3lidas, reconociendo las exigencias que el mercado requiere d\u00eda a d\u00eda.<\/p>\n","protected":false},"excerpt":{"rendered":"<p>Consolidar el servicio a la industria nacional, llegando as\u00ed a tener el reconocimiento y liderazgo de una empresa seria y de bases s\u00f3lidas, reconociendo las exigencias que el mercado requiere d\u00eda a d\u00eda.<\/p>\n","protected":false},"author":1,"featured_media":0,"parent":0,"menu_order":0,"comment_status":"closed","ping_status":"closed","template":"","meta":{"footnotes":""},"class_list":["post-136","page","type-page","status-publish","hentry"],"_links":{"self":[{"href":"https:\/\/www.argoltda.cl\/web\/wp-json\/wp\/v2\/pages\/136","targetHints":{"allow":["GET"]}}],"collection":[{"href":"https:\/\/www.argoltda.cl\/web\/wp-json\/wp\/v2\/pages"}],"about":[{"href":"https:\/\/www.argoltda.cl\/web\/wp-json\/wp\/v2\/types\/page"}],"author":[{"embeddable":true,"href":"https:\/\/www.argoltda.cl\/web\/wp-json\/wp\/v2\/users\/1"}],"replies":[{"embeddable":true,"href":"https:\/\/www.argoltda.cl\/web\/wp-json\/wp\/v2\/comments?post=136"}],"version-history":[{"count":1,"href":"https:\/\/www.argoltda.cl\/web\/wp-json\/wp\/v2\/pages\/136\/revisions"}],"predecessor-version":[{"id":137,"href":"https:\/\/www.argoltda.cl\/web\/wp-json\/wp\/v2\/pages\/136\/revisions\/137"}],"wp:attachment":[{"href":"https:\/\/www.argoltda.cl\/web\/wp-json\/wp\/v2\/media?parent=136"}],"curies":[{"name":"wp","href":"https:\/\/api.w.org\/{rel}","templated":true}]}}