{"id":134,"date":"2021-11-21T03:09:13","date_gmt":"2021-11-20T23:09:13","guid":{"rendered":"https:\/\/www.argoltda.cl\/web\/?page_id=134"},"modified":"2021-11-23T16:16:15","modified_gmt":"2021-11-23T12:16:15","slug":"mision","status":"publish","type":"page","link":"https:\/\/www.argoltda.cl\/web\/mision\/","title":{"rendered":"Misi\u00f3n"},"content":{"rendered":"\n<p>Entregar el mejor servicio y de alta calidad a la industria nacional e internacional, basado en c\u00e1nones de excelencia que corroboren con transparencia la especializaci\u00f3n en el rubro industrial, Forestal, Pesquero y Gran Miner\u00eda.<\/p>\n","protected":false},"excerpt":{"rendered":"<p>Entregar el mejor servicio y de alta calidad a la industria nacional e internacional, basado en c\u00e1nones de excelencia que corroboren con transparencia la especializaci\u00f3n en el rubro industrial, Forestal, Pesquero y Gran Miner\u00eda.<\/p>\n","protected":false},"author":1,"featured_media":0,"parent":0,"menu_order":0,"comment_status":"closed","ping_status":"closed","template":"","meta":{"footnotes":""},"class_list":["post-134","page","type-page","status-publish","hentry"],"_links":{"self":[{"href":"https:\/\/www.argoltda.cl\/web\/wp-json\/wp\/v2\/pages\/134","targetHints":{"allow":["GET"]}}],"collection":[{"href":"https:\/\/www.argoltda.cl\/web\/wp-json\/wp\/v2\/pages"}],"about":[{"href":"https:\/\/www.argoltda.cl\/web\/wp-json\/wp\/v2\/types\/page"}],"author":[{"embeddable":true,"href":"https:\/\/www.argoltda.cl\/web\/wp-json\/wp\/v2\/users\/1"}],"replies":[{"embeddable":true,"href":"https:\/\/www.argoltda.cl\/web\/wp-json\/wp\/v2\/comments?post=134"}],"version-history":[{"count":2,"href":"https:\/\/www.argoltda.cl\/web\/wp-json\/wp\/v2\/pages\/134\/revisions"}],"predecessor-version":[{"id":227,"href":"https:\/\/www.argoltda.cl\/web\/wp-json\/wp\/v2\/pages\/134\/revisions\/227"}],"wp:attachment":[{"href":"https:\/\/www.argoltda.cl\/web\/wp-json\/wp\/v2\/media?parent=134"}],"curies":[{"name":"wp","href":"https:\/\/api.w.org\/{rel}","templated":true}]}}