{"id":130,"date":"2021-11-21T02:59:31","date_gmt":"2021-11-20T22:59:31","guid":{"rendered":"https:\/\/www.argoltda.cl\/web\/?page_id=130"},"modified":"2022-07-20T05:20:52","modified_gmt":"2022-07-20T01:20:52","slug":"pruebas-y-limpieza-de-ductos","status":"publish","type":"page","link":"https:\/\/www.argoltda.cl\/web\/pruebas-y-limpieza-de-ductos\/","title":{"rendered":"Pruebas y Limpieza de Ductos"},"content":{"rendered":"\n<div class=\"alignnormal\"><div id=\"metaslider-id-338\" style=\"width: 100%;\" class=\"ml-slider-3-96-0 metaslider metaslider-flex metaslider-338 ml-slider ms-theme-default\" role=\"region\" aria-roledescription=\"Slideshow\" aria-label=\"Lubricacion Oleo Hidraulica\">\n    <div id=\"metaslider_container_338\">\n        <div id=\"metaslider_338\">\n            <ul class='slides'>\n                <li style=\"display: block; width: 100%;\" class=\"slide-364 ms-image \" aria-roledescription=\"slide\" aria-label=\"slide-364\" data-date=\"2022-01-20 06:46:37\"><img loading=\"lazy\" decoding=\"async\" src=\"https:\/\/www.argoltda.cl\/web\/wp-content\/uploads\/2022\/07\/005-scaled-700x300.jpg\" height=\"300\" width=\"700\" alt=\"\" class=\"slider-338 slide-364\" \/><\/li>\n                <li style=\"display: none; width: 100%;\" class=\"slide-365 ms-image \" aria-roledescription=\"slide\" aria-label=\"slide-365\" data-date=\"2022-01-20 06:46:38\"><img loading=\"lazy\" decoding=\"async\" src=\"https:\/\/www.argoltda.cl\/web\/wp-content\/uploads\/2022\/01\/006-scaled-700x300.jpg\" height=\"300\" width=\"700\" alt=\"\" class=\"slider-338 slide-365\" \/><\/li>\n                <li style=\"display: none; width: 100%;\" class=\"slide-366 ms-image \" aria-roledescription=\"slide\" aria-label=\"slide-366\" data-date=\"2022-01-20 06:46:38\"><img loading=\"lazy\" decoding=\"async\" src=\"https:\/\/www.argoltda.cl\/web\/wp-content\/uploads\/2022\/07\/011-scaled-700x300.jpg\" height=\"300\" width=\"700\" alt=\"\" class=\"slider-338 slide-366\" \/><\/li>\n                <li style=\"display: none; width: 100%;\" class=\"slide-418 ms-image \" aria-roledescription=\"slide\" aria-label=\"slide-418\" data-date=\"2022-07-20 05:19:27\"><img loading=\"lazy\" decoding=\"async\" src=\"https:\/\/www.argoltda.cl\/web\/wp-content\/uploads\/2022\/07\/014-scaled-700x300.jpg\" height=\"300\" width=\"700\" alt=\"\" class=\"slider-338 slide-418\" \/><\/li>\n                <li style=\"display: none; width: 100%;\" class=\"slide-419 ms-image \" aria-roledescription=\"slide\" aria-label=\"slide-419\" data-date=\"2022-07-20 05:19:50\"><img loading=\"lazy\" decoding=\"async\" src=\"https:\/\/www.argoltda.cl\/web\/wp-content\/uploads\/2022\/07\/024-scaled-700x300.jpg\" height=\"300\" width=\"700\" alt=\"\" class=\"slider-338 slide-419\" \/><\/li>\n            <\/ul>\n        <\/div>\n        \n    <\/div>\n<\/div><\/div>\n\n\n\n<h2 class=\"wp-block-heading\"><strong>Estas se dividen en los siguientes servicios:<\/strong><\/h2>\n\n\n\n<ul class=\"wp-block-list\"><li>Pruebas Hidr\u00e1ulicas: Est\u00e1n enfocadas a verificar el buen funcionamiento de ductos o equipos industriales que conducen Fluidos.\u00a0 Para ello se independiza la zona a intervenir y se procede al llenado con agua por completo para someterlo a presi\u00f3n de prueba, la cual debe ser superior a la presi\u00f3n de operaci\u00f3n del sistema. Este procedimiento tiene como objetivo comprobar la hermeticidad y resistencia de los materiales y circuitos sometidos a pruebas.<\/li><li>Pruebas Neum\u00e1ticas: Este servicio permite verificar el correcto uso de ductos y equipos industriales que conducen todo tipo de Gases. Para ello se independiza la zona a intervenir y se procede al presurizar con aire para detectar posibles fugas en el sistema. Esto asegura el buen funcionamiento del proceso y previene fugas de gases eventualmente peligrosos para la vida y el medio ambiente.<\/li><li>Limpieza de Ductos: Esta operaci\u00f3n es aplicable a ductos de todos los di\u00e1metros y se realiza por intermedio de desplazamiento de Pigs (elementos de limpieza que viajan a trav\u00e9s del interior de las ca\u00f1er\u00edas), impulsados por aire o agua. Este mecanismo permite limpiar abrasivamente y\/o por arrastres las superficies internas de la ca\u00f1er\u00eda, retirando incrustaciones no deseadas desde su interior. Para ello Argo Ing. Ltda. posee equipos de gran calidad y eficiencia, asegurando un \u00f3ptimo resultado en los servicios presentados.<\/li><\/ul>\n","protected":false},"excerpt":{"rendered":"<p>Estas se dividen en los siguientes servicios: Pruebas Hidr\u00e1ulicas: Est\u00e1n enfocadas a verificar el buen funcionamiento de ductos o equipos industriales que conducen Fluidos.\u00a0 Para ello se independiza la zona a intervenir y se procede al llenado con agua por completo para someterlo a presi\u00f3n de prueba, la cual debe ser superior a la presi\u00f3n &hellip; <\/p>\n<p class=\"link-more\"><a href=\"https:\/\/www.argoltda.cl\/web\/pruebas-y-limpieza-de-ductos\/\" class=\"more-link\">Continue reading<span class=\"screen-reader-text\"> &#8220;Pruebas y Limpieza de Ductos&#8221;<\/span><\/a><\/p>\n","protected":false},"author":1,"featured_media":0,"parent":0,"menu_order":0,"comment_status":"closed","ping_status":"closed","template":"","meta":{"footnotes":""},"class_list":["post-130","page","type-page","status-publish","hentry"],"_links":{"self":[{"href":"https:\/\/www.argoltda.cl\/web\/wp-json\/wp\/v2\/pages\/130","targetHints":{"allow":["GET"]}}],"collection":[{"href":"https:\/\/www.argoltda.cl\/web\/wp-json\/wp\/v2\/pages"}],"about":[{"href":"https:\/\/www.argoltda.cl\/web\/wp-json\/wp\/v2\/types\/page"}],"author":[{"embeddable":true,"href":"https:\/\/www.argoltda.cl\/web\/wp-json\/wp\/v2\/users\/1"}],"replies":[{"embeddable":true,"href":"https:\/\/www.argoltda.cl\/web\/wp-json\/wp\/v2\/comments?post=130"}],"version-history":[{"count":5,"href":"https:\/\/www.argoltda.cl\/web\/wp-json\/wp\/v2\/pages\/130\/revisions"}],"predecessor-version":[{"id":421,"href":"https:\/\/www.argoltda.cl\/web\/wp-json\/wp\/v2\/pages\/130\/revisions\/421"}],"wp:attachment":[{"href":"https:\/\/www.argoltda.cl\/web\/wp-json\/wp\/v2\/media?parent=130"}],"curies":[{"name":"wp","href":"https:\/\/api.w.org\/{rel}","templated":true}]}}