{"id":128,"date":"2021-11-21T02:58:56","date_gmt":"2021-11-20T22:58:56","guid":{"rendered":"https:\/\/www.argoltda.cl\/web\/?page_id=128"},"modified":"2022-07-20T05:16:07","modified_gmt":"2022-07-20T01:16:07","slug":"flushing-y-micro-filtrado","status":"publish","type":"page","link":"https:\/\/www.argoltda.cl\/web\/flushing-y-micro-filtrado\/","title":{"rendered":"Flushing y Micro Filtrado"},"content":{"rendered":"\n<div class=\"alignnormal\"><div id=\"metaslider-id-370\" style=\"width: 100%;\" class=\"ml-slider-3-96-0 metaslider metaslider-flex metaslider-370 ml-slider ms-theme-default\" role=\"region\" aria-roledescription=\"Slideshow\" aria-label=\"Flushing\">\n    <div id=\"metaslider_container_370\">\n        <div id=\"metaslider_370\">\n            <ul class='slides'>\n                <li style=\"display: block; width: 100%;\" class=\"slide-373 ms-image \" aria-roledescription=\"slide\" aria-label=\"slide-373\" data-date=\"2022-01-20 06:47:19\"><img loading=\"lazy\" decoding=\"async\" src=\"https:\/\/www.argoltda.cl\/web\/wp-content\/uploads\/2022\/01\/Equipos-Flushing-700x300.jpg\" height=\"300\" width=\"700\" alt=\"\" class=\"slider-370 slide-373\" title=\"Equipos Flushing\" \/><\/li>\n                <li style=\"display: none; width: 100%;\" class=\"slide-374 ms-image \" aria-roledescription=\"slide\" aria-label=\"slide-374\" data-date=\"2022-01-20 06:47:19\"><img loading=\"lazy\" decoding=\"async\" src=\"https:\/\/www.argoltda.cl\/web\/wp-content\/uploads\/2022\/01\/Equipos-Flushing-2-1-700x300.jpg\" height=\"300\" width=\"700\" alt=\"\" class=\"slider-370 slide-374\" title=\"Equipos Flushing 2\" \/><\/li>\n            <\/ul>\n        <\/div>\n        \n    <\/div>\n<\/div><\/div>\n\n\n\n<p>Servicio enfocado a la limpieza de circuitos hidr\u00e1ulicos, generalmente de lubricaci\u00f3n y refrigeraci\u00f3n, los cuales no pueden ser contaminados con particulado externo e incompatible con el aceite de los circuitos. Este sistema permite re circular a alta velocidad y gran turbulencia el aceite contenido en el circuito sometido a flushing, permitiendo de esta manera el desprendimiento del material particulado, as\u00ed posteriormente el KIT de FILTROS retiene todas las impurezas o material particulado existente en el fluido.<\/p>\n\n\n\n<p>Argo Ing. Ltda. ha incorporado equipamiento de alta tecnolog\u00eda para otorgar un servicio de calidad, es por esto que el control es fundamental para lograr el objetivo determinado. Este control se realiza analizando electr\u00f3nicamente el particulado del fluido mediante equipos de \u00faltima tecnolog\u00eda determinadas para este proceso.<\/p>\n","protected":false},"excerpt":{"rendered":"<p>Servicio enfocado a la limpieza de circuitos hidr\u00e1ulicos, generalmente de lubricaci\u00f3n y refrigeraci\u00f3n, los cuales no pueden ser contaminados con particulado externo e incompatible con el aceite de los circuitos. Este sistema permite re circular a alta velocidad y gran turbulencia el aceite contenido en el circuito sometido a flushing, permitiendo de esta manera el &hellip; <\/p>\n<p class=\"link-more\"><a href=\"https:\/\/www.argoltda.cl\/web\/flushing-y-micro-filtrado\/\" class=\"more-link\">Continue reading<span class=\"screen-reader-text\"> &#8220;Flushing y Micro Filtrado&#8221;<\/span><\/a><\/p>\n","protected":false},"author":1,"featured_media":0,"parent":0,"menu_order":0,"comment_status":"closed","ping_status":"closed","template":"","meta":{"footnotes":""},"class_list":["post-128","page","type-page","status-publish","hentry"],"_links":{"self":[{"href":"https:\/\/www.argoltda.cl\/web\/wp-json\/wp\/v2\/pages\/128","targetHints":{"allow":["GET"]}}],"collection":[{"href":"https:\/\/www.argoltda.cl\/web\/wp-json\/wp\/v2\/pages"}],"about":[{"href":"https:\/\/www.argoltda.cl\/web\/wp-json\/wp\/v2\/types\/page"}],"author":[{"embeddable":true,"href":"https:\/\/www.argoltda.cl\/web\/wp-json\/wp\/v2\/users\/1"}],"replies":[{"embeddable":true,"href":"https:\/\/www.argoltda.cl\/web\/wp-json\/wp\/v2\/comments?post=128"}],"version-history":[{"count":5,"href":"https:\/\/www.argoltda.cl\/web\/wp-json\/wp\/v2\/pages\/128\/revisions"}],"predecessor-version":[{"id":417,"href":"https:\/\/www.argoltda.cl\/web\/wp-json\/wp\/v2\/pages\/128\/revisions\/417"}],"wp:attachment":[{"href":"https:\/\/www.argoltda.cl\/web\/wp-json\/wp\/v2\/media?parent=128"}],"curies":[{"name":"wp","href":"https:\/\/api.w.org\/{rel}","templated":true}]}}