{"id":126,"date":"2021-11-21T02:58:34","date_gmt":"2021-11-20T22:58:34","guid":{"rendered":"https:\/\/www.argoltda.cl\/web\/?page_id=126"},"modified":"2022-07-21T02:12:35","modified_gmt":"2022-07-20T22:12:35","slug":"servicios-en-terreno-de-lubricacion-y-oleo-hidraulica","status":"publish","type":"page","link":"https:\/\/www.argoltda.cl\/web\/servicios-en-terreno-de-lubricacion-y-oleo-hidraulica\/","title":{"rendered":"Servicios en Terreno de Lubricaci\u00f3n y Oleo Hidr\u00e1ulica"},"content":{"rendered":"\n<div class=\"alignnormal\"><div id=\"metaslider-id-338\" style=\"width: 100%;\" class=\"ml-slider-3-96-0 metaslider metaslider-flex metaslider-338 ml-slider ms-theme-default\" role=\"region\" aria-roledescription=\"Slideshow\" aria-label=\"Lubricacion Oleo Hidraulica\">\n    <div id=\"metaslider_container_338\">\n        <div id=\"metaslider_338\">\n            <ul class='slides'>\n                <li style=\"display: block; width: 100%;\" class=\"slide-364 ms-image \" aria-roledescription=\"slide\" aria-label=\"slide-364\" data-date=\"2022-01-20 06:46:37\"><img loading=\"lazy\" decoding=\"async\" src=\"https:\/\/www.argoltda.cl\/web\/wp-content\/uploads\/2022\/07\/005-scaled-700x300.jpg\" height=\"300\" width=\"700\" alt=\"\" class=\"slider-338 slide-364\" \/><\/li>\n                <li style=\"display: none; width: 100%;\" class=\"slide-365 ms-image \" aria-roledescription=\"slide\" aria-label=\"slide-365\" data-date=\"2022-01-20 06:46:38\"><img loading=\"lazy\" decoding=\"async\" src=\"https:\/\/www.argoltda.cl\/web\/wp-content\/uploads\/2022\/01\/006-scaled-700x300.jpg\" height=\"300\" width=\"700\" alt=\"\" class=\"slider-338 slide-365\" \/><\/li>\n                <li style=\"display: none; width: 100%;\" class=\"slide-366 ms-image \" aria-roledescription=\"slide\" aria-label=\"slide-366\" data-date=\"2022-01-20 06:46:38\"><img loading=\"lazy\" decoding=\"async\" src=\"https:\/\/www.argoltda.cl\/web\/wp-content\/uploads\/2022\/07\/011-scaled-700x300.jpg\" height=\"300\" width=\"700\" alt=\"\" class=\"slider-338 slide-366\" \/><\/li>\n                <li style=\"display: none; width: 100%;\" class=\"slide-418 ms-image \" aria-roledescription=\"slide\" aria-label=\"slide-418\" data-date=\"2022-07-20 05:19:27\"><img loading=\"lazy\" decoding=\"async\" src=\"https:\/\/www.argoltda.cl\/web\/wp-content\/uploads\/2022\/07\/014-scaled-700x300.jpg\" height=\"300\" width=\"700\" alt=\"\" class=\"slider-338 slide-418\" \/><\/li>\n                <li style=\"display: none; width: 100%;\" class=\"slide-419 ms-image \" aria-roledescription=\"slide\" aria-label=\"slide-419\" data-date=\"2022-07-20 05:19:50\"><img loading=\"lazy\" decoding=\"async\" src=\"https:\/\/www.argoltda.cl\/web\/wp-content\/uploads\/2022\/07\/024-scaled-700x300.jpg\" height=\"300\" width=\"700\" alt=\"\" class=\"slider-338 slide-419\" \/><\/li>\n            <\/ul>\n        <\/div>\n        \n    <\/div>\n<\/div><\/div>\n\n\n\n<p>Servicios en terreno con personal especializado, en el \u00e1rea de Lubricaci\u00f3n y Unidades de Potencia Oleo Hidr\u00e1ulica, realizando mantenciones y mejoras a Unidades de Lubricaci\u00f3n de Molinos SAG y Molinos Bolas, Chancadores Primarios, Secundarios y Terciarios.<\/p>\n\n\n\n<p>Servicios de Mejoras, Mantenimiento Correctivo, predictivo y preventivo de Equipos de apoyo para cambio de revestimientos de Molinos SAG y Molinos Bolas (Laineras Russell).<\/p>\n\n\n\n<figure class=\"wp-block-video\"><video height=\"480\" style=\"aspect-ratio: 848 \/ 480;\" width=\"848\" autoplay controls muted src=\"https:\/\/www.argoltda.cl\/web\/wp-content\/uploads\/2022\/07\/VIDEO-2020-09-02-11-47-53.mp4\"><\/video><\/figure>\n","protected":false},"excerpt":{"rendered":"<p>Servicios en terreno con personal especializado, en el \u00e1rea de Lubricaci\u00f3n y Unidades de Potencia Oleo Hidr\u00e1ulica, realizando mantenciones y mejoras a Unidades de Lubricaci\u00f3n de Molinos SAG y Molinos Bolas, Chancadores Primarios, Secundarios y Terciarios. Servicios de Mejoras, Mantenimiento Correctivo, predictivo y preventivo de Equipos de apoyo para cambio de revestimientos de Molinos SAG &hellip; <\/p>\n<p class=\"link-more\"><a href=\"https:\/\/www.argoltda.cl\/web\/servicios-en-terreno-de-lubricacion-y-oleo-hidraulica\/\" class=\"more-link\">Continue reading<span class=\"screen-reader-text\"> &#8220;Servicios en Terreno de Lubricaci\u00f3n y Oleo Hidr\u00e1ulica&#8221;<\/span><\/a><\/p>\n","protected":false},"author":1,"featured_media":0,"parent":0,"menu_order":0,"comment_status":"closed","ping_status":"closed","template":"","meta":{"footnotes":""},"class_list":["post-126","page","type-page","status-publish","hentry"],"_links":{"self":[{"href":"https:\/\/www.argoltda.cl\/web\/wp-json\/wp\/v2\/pages\/126","targetHints":{"allow":["GET"]}}],"collection":[{"href":"https:\/\/www.argoltda.cl\/web\/wp-json\/wp\/v2\/pages"}],"about":[{"href":"https:\/\/www.argoltda.cl\/web\/wp-json\/wp\/v2\/types\/page"}],"author":[{"embeddable":true,"href":"https:\/\/www.argoltda.cl\/web\/wp-json\/wp\/v2\/users\/1"}],"replies":[{"embeddable":true,"href":"https:\/\/www.argoltda.cl\/web\/wp-json\/wp\/v2\/comments?post=126"}],"version-history":[{"count":6,"href":"https:\/\/www.argoltda.cl\/web\/wp-json\/wp\/v2\/pages\/126\/revisions"}],"predecessor-version":[{"id":428,"href":"https:\/\/www.argoltda.cl\/web\/wp-json\/wp\/v2\/pages\/126\/revisions\/428"}],"wp:attachment":[{"href":"https:\/\/www.argoltda.cl\/web\/wp-json\/wp\/v2\/media?parent=126"}],"curies":[{"name":"wp","href":"https:\/\/api.w.org\/{rel}","templated":true}]}}