{"id":122,"date":"2021-11-21T02:56:22","date_gmt":"2021-11-20T22:56:22","guid":{"rendered":"https:\/\/www.argoltda.cl\/web\/?page_id=122"},"modified":"2022-07-20T05:09:02","modified_gmt":"2022-07-20T01:09:02","slug":"limpieza-con-agua-a-alta-presion","status":"publish","type":"page","link":"https:\/\/www.argoltda.cl\/web\/limpieza-con-agua-a-alta-presion\/","title":{"rendered":"Limpieza con Agua a alta presi\u00f3n"},"content":{"rendered":"\n<div class=\"alignnormal\"><div id=\"metaslider-id-339\" style=\"width: 100%;\" class=\"ml-slider-3-96-0 metaslider metaslider-flex metaslider-339 ml-slider ms-theme-default\" role=\"region\" aria-roledescription=\"Slideshow\" aria-label=\"Alta Presion\">\n    <div id=\"metaslider_container_339\">\n        <div id=\"metaslider_339\">\n            <ul class='slides'>\n                <li style=\"display: block; width: 100%;\" class=\"slide-348 ms-image \" aria-roledescription=\"slide\" aria-label=\"slide-348\" data-date=\"2022-01-20 06:40:51\"><img loading=\"lazy\" decoding=\"async\" src=\"https:\/\/www.argoltda.cl\/web\/wp-content\/uploads\/2022\/01\/20140511_161820-1-scaled-700x300.jpg\" height=\"300\" width=\"700\" alt=\"\" class=\"slider-339 slide-348\" title=\"20140511_161820\" \/><\/li>\n                <li style=\"display: none; width: 100%;\" class=\"slide-349 ms-image \" aria-roledescription=\"slide\" aria-label=\"slide-349\" data-date=\"2022-01-20 06:40:52\"><img loading=\"lazy\" decoding=\"async\" src=\"https:\/\/www.argoltda.cl\/web\/wp-content\/uploads\/2022\/01\/IMG00386-20130122-1444-700x300.jpg\" height=\"300\" width=\"700\" alt=\"\" class=\"slider-339 slide-349\" title=\"IMG00386-20130122-1444\" \/><\/li>\n                <li style=\"display: none; width: 100%;\" class=\"slide-352 ms-image \" aria-roledescription=\"slide\" aria-label=\"slide-352\" data-date=\"2022-01-20 06:40:52\"><img loading=\"lazy\" decoding=\"async\" src=\"https:\/\/www.argoltda.cl\/web\/wp-content\/uploads\/2022\/01\/IMG_4672-scaled-700x300.jpg\" height=\"300\" width=\"700\" alt=\"\" class=\"slider-339 slide-352\" title=\"IMG_4672\" \/><\/li>\n                <li style=\"display: none; width: 100%;\" class=\"slide-401 ms-image \" aria-roledescription=\"slide\" aria-label=\"slide-401\" data-date=\"2022-07-20 05:06:36\"><img loading=\"lazy\" decoding=\"async\" src=\"https:\/\/www.argoltda.cl\/web\/wp-content\/uploads\/2022\/07\/005-scaled-700x300.jpg\" height=\"300\" width=\"700\" alt=\"\" class=\"slider-339 slide-401\" \/><\/li>\n                <li style=\"display: none; width: 100%;\" class=\"slide-407 ms-image \" aria-roledescription=\"slide\" aria-label=\"slide-407\" data-date=\"2022-07-20 05:06:36\"><img loading=\"lazy\" decoding=\"async\" src=\"https:\/\/www.argoltda.cl\/web\/wp-content\/uploads\/2022\/07\/Imagen-7-scaled-700x300.jpg\" height=\"300\" width=\"700\" alt=\"\" class=\"slider-339 slide-407\" title=\"Imagen 7\" \/><\/li>\n                <li style=\"display: none; width: 100%;\" class=\"slide-408 ms-image \" aria-roledescription=\"slide\" aria-label=\"slide-408\" data-date=\"2022-07-20 05:06:36\"><img loading=\"lazy\" decoding=\"async\" src=\"https:\/\/www.argoltda.cl\/web\/wp-content\/uploads\/2022\/07\/Imagen-8-scaled-700x300.jpg\" height=\"300\" width=\"700\" alt=\"\" class=\"slider-339 slide-408\" title=\"Imagen 8\" \/><\/li>\n                <li style=\"display: none; width: 100%;\" class=\"slide-409 ms-image \" aria-roledescription=\"slide\" aria-label=\"slide-409\" data-date=\"2022-07-20 05:08:19\"><img loading=\"lazy\" decoding=\"async\" src=\"https:\/\/www.argoltda.cl\/web\/wp-content\/uploads\/2022\/07\/Imagen-9-scaled-700x300.jpg\" height=\"300\" width=\"700\" alt=\"\" class=\"slider-339 slide-409\" title=\"Imagen 9\" \/><\/li>\n            <\/ul>\n        <\/div>\n        \n    <\/div>\n<\/div><\/div>\n\n\n\n<p>Servicio de Limpieza con Agua a Alta Presi\u00f3n, &nbsp;herramienta abrasiva para retirar incrustaciones en diferentes superficies. Este Servicio se realiza por medio de Bombas de alta presi\u00f3n acompa\u00f1ado de un completo kit de mangueras, boquillas y accesorios requeridos para cada situaci\u00f3n.<\/p>\n\n\n\n<p>Nuestras bombas son capaces de generar desde 1.500 a 20.000 PSI de presi\u00f3n, las cuales nos permiten realizar limpiezas de gran calidad en diferentes tipos de superficies, tales como: tuber\u00edas, estructuras, superficies planas, equipos industriales, etc. Optimizando de esta forma los procesos que involucran los equipos intervenidos.<\/p>\n","protected":false},"excerpt":{"rendered":"<p>Servicio de Limpieza con Agua a Alta Presi\u00f3n, &nbsp;herramienta abrasiva para retirar incrustaciones en diferentes superficies. Este Servicio se realiza por medio de Bombas de alta presi\u00f3n acompa\u00f1ado de un completo kit de mangueras, boquillas y accesorios requeridos para cada situaci\u00f3n. Nuestras bombas son capaces de generar desde 1.500 a 20.000 PSI de presi\u00f3n, las &hellip; <\/p>\n<p class=\"link-more\"><a href=\"https:\/\/www.argoltda.cl\/web\/limpieza-con-agua-a-alta-presion\/\" class=\"more-link\">Continue reading<span class=\"screen-reader-text\"> &#8220;Limpieza con Agua a alta presi\u00f3n&#8221;<\/span><\/a><\/p>\n","protected":false},"author":1,"featured_media":0,"parent":0,"menu_order":0,"comment_status":"closed","ping_status":"closed","template":"","meta":{"footnotes":""},"class_list":["post-122","page","type-page","status-publish","hentry"],"_links":{"self":[{"href":"https:\/\/www.argoltda.cl\/web\/wp-json\/wp\/v2\/pages\/122","targetHints":{"allow":["GET"]}}],"collection":[{"href":"https:\/\/www.argoltda.cl\/web\/wp-json\/wp\/v2\/pages"}],"about":[{"href":"https:\/\/www.argoltda.cl\/web\/wp-json\/wp\/v2\/types\/page"}],"author":[{"embeddable":true,"href":"https:\/\/www.argoltda.cl\/web\/wp-json\/wp\/v2\/users\/1"}],"replies":[{"embeddable":true,"href":"https:\/\/www.argoltda.cl\/web\/wp-json\/wp\/v2\/comments?post=122"}],"version-history":[{"count":4,"href":"https:\/\/www.argoltda.cl\/web\/wp-json\/wp\/v2\/pages\/122\/revisions"}],"predecessor-version":[{"id":410,"href":"https:\/\/www.argoltda.cl\/web\/wp-json\/wp\/v2\/pages\/122\/revisions\/410"}],"wp:attachment":[{"href":"https:\/\/www.argoltda.cl\/web\/wp-json\/wp\/v2\/media?parent=122"}],"curies":[{"name":"wp","href":"https:\/\/api.w.org\/{rel}","templated":true}]}}